{"id":87,"date":"2025-06-20T19:07:44","date_gmt":"2025-06-20T17:07:44","guid":{"rendered":"http:\/\/fridonia.de\/?page_id=87"},"modified":"2025-06-21T13:07:30","modified_gmt":"2025-06-21T11:07:30","slug":"thorlande","status":"publish","type":"page","link":"http:\/\/fridonia.de\/?page_id=87","title":{"rendered":"Thorlande"},"content":{"rendered":"\n<figure class=\"wp-block-image alignfull size-full\"><img loading=\"lazy\" decoding=\"async\" width=\"1024\" height=\"238\" src=\"http:\/\/fridonia.de\/wp-content\/uploads\/2025\/06\/dasLand_2.jpg\" alt=\"\" class=\"wp-image-92\" srcset=\"http:\/\/fridonia.de\/wp-content\/uploads\/2025\/06\/dasLand_2.jpg 1024w, http:\/\/fridonia.de\/wp-content\/uploads\/2025\/06\/dasLand_2-300x70.jpg 300w\" sizes=\"auto, (max-width: 1024px) 100vw, 1024px\" \/><\/figure>\n\n\n\n<h2 class=\"wp-block-heading\">das Land<\/h2>\n\n\n\n<p>Die n\u00f6rdlichste und j\u00fcngste aturianische Provinz. Ehemaliges Syd-Dysterthor, wurde nach dem Krieg als aturianische Provinz angegliedert. Zwischen Dysterwald im S\u00fcden und der Aller im Norden gelegen wird die Provinz von den m\u00e4chtigen Gebirgsz\u00fcgen Wolfsberge im Westen und Wolkenberge im Nordosten in zwei fruchtbare Ebenen geteilt. Zum einen um die am Kristallmeer gelegene Hauptstadt Aguilea im Osten und zum anderen um die an der Aller gelegene Stadt Wolfsthor im Norden.<\/p>\n\n\n\n<p>Das Klima unterscheidet sich stark von den warmen mediterranen Ebenen zu den rauen und unwirtlichen Gebirgsregionen, deren P\u00e4sse im Winter oft monatelang nicht passierbar sind. Gro\u00dfe Fl\u00e4chen der Thorlande sind von Wald bedeckt und die Stra\u00dfen und Wege sind, wenn vorhanden im schlechten Zustand. Die Gro\u00dfen Stadte des Landes sind:<\/p>\n\n\n\n<p>Aguilea, die Hauptstadt im Osten am Kristallmeer gelegen, der Haupthafen der Thorlande.<\/p>\n\n\n\n<p>Wolfsthor, Garnisionsstadt im Norden an der Aller gelegen, Flusshafen mit viel Handelsg\u00fcterumschlag aus dem Inneren der Mittellande.<\/p>\n\n\n\n<p>Nordwacht, Festungsstadt, im Norden auf einem Landzipfel erbaut der von der Aller umsp\u00fclt wird. Von Dort aus kann mit weit reichenden Gesch\u00fctzen Schiffe auf der Aller&nbsp; unter Beschuss genommen werden und so die dortige Schifffahrt kontrolliert werden.<\/p>\n\n\n\n<hr class=\"wp-block-separator has-alpha-channel-opacity\"\/>\n\n\n\n<h2 class=\"wp-block-heading\">die Bewohner<\/h2>\n\n\n\n<div class=\"wp-block-media-text is-stacked-on-mobile\" style=\"grid-template-columns:30% auto\"><figure class=\"wp-block-media-text__media\"><img loading=\"lazy\" decoding=\"async\" width=\"1024\" height=\"1024\" src=\"http:\/\/fridonia.de\/wp-content\/uploads\/2025\/06\/Familie_Thorlande.jpg\" alt=\"\" class=\"wp-image-95 size-full\" srcset=\"http:\/\/fridonia.de\/wp-content\/uploads\/2025\/06\/Familie_Thorlande.jpg 1024w, http:\/\/fridonia.de\/wp-content\/uploads\/2025\/06\/Familie_Thorlande-300x300.jpg 300w, http:\/\/fridonia.de\/wp-content\/uploads\/2025\/06\/Familie_Thorlande-150x150.jpg 150w, http:\/\/fridonia.de\/wp-content\/uploads\/2025\/06\/Familie_Thorlande-768x768.jpg 768w, http:\/\/fridonia.de\/wp-content\/uploads\/2025\/06\/Familie_Thorlande-1000x1000.jpg 1000w, http:\/\/fridonia.de\/wp-content\/uploads\/2025\/06\/Familie_Thorlande-230x230.jpg 230w, http:\/\/fridonia.de\/wp-content\/uploads\/2025\/06\/Familie_Thorlande-350x350.jpg 350w, http:\/\/fridonia.de\/wp-content\/uploads\/2025\/06\/Familie_Thorlande-480x480.jpg 480w\" sizes=\"auto, (max-width: 1024px) 100vw, 1024px\" \/><\/figure><div class=\"wp-block-media-text__content\">\n<p>Die Bev\u00f6lkerung in den Ebenen besteht nahezu ausschlie\u00dflich aus Menschen. In den Bergregionen leben noch gr\u00f6\u00dfere Sippen von Zwergen und Trollen. Der Dysterwald war schon jeher ein R\u00fcckzugsgebiet f\u00fcr Lichtscheue Kreaturen wie Dunkelelfen und Orks.<\/p>\n\n\n\n<div class=\"wp-block-buttons is-layout-flex wp-block-buttons-is-layout-flex\">\n<div class=\"wp-block-button\"><a class=\"wp-block-button__link has-small-font-size has-custom-font-size wp-element-button\" href=\"http:\/\/fridonia.de\/?page_id=6\">mehr erfahren &#8230;<\/a><\/div>\n<\/div>\n<\/div><\/div>\n\n\n\n<hr class=\"wp-block-separator has-alpha-channel-opacity\"\/>\n\n\n\n<h2 class=\"wp-block-heading\">der Glaube<\/h2>\n\n\n\n<div class=\"wp-block-media-text has-media-on-the-right is-stacked-on-mobile\" style=\"grid-template-columns:auto 30%\"><div class=\"wp-block-media-text__content\">\n<p>In den gr\u00f6\u00dften Teilen der Thorlande selbst ist der Glaube an den Pantheon noch sehr stark vertreten. Die Landbev\u00f6lkerung betet zu den jeweils zust\u00e4ndigen G\u00f6ttern f\u00fcr eine gute Ernte, f\u00fcr das Gelingen des Tagwerks oder um Schutz von Haus und Hof.<\/p>\n\n\n\n<div class=\"wp-block-buttons is-layout-flex wp-block-buttons-is-layout-flex\">\n<div class=\"wp-block-button\"><a class=\"wp-block-button__link has-small-font-size has-custom-font-size wp-element-button\" href=\"http:\/\/fridonia.de\/?page_id=6\">mehr erfahren &#8230;<\/a><\/div>\n<\/div>\n<\/div><figure class=\"wp-block-media-text__media\"><img loading=\"lazy\" decoding=\"async\" width=\"445\" height=\"445\" src=\"http:\/\/fridonia.de\/wp-content\/uploads\/2025\/06\/Pantheon.jpg\" alt=\"\" class=\"wp-image-97 size-full\" srcset=\"http:\/\/fridonia.de\/wp-content\/uploads\/2025\/06\/Pantheon.jpg 445w, http:\/\/fridonia.de\/wp-content\/uploads\/2025\/06\/Pantheon-300x300.jpg 300w, http:\/\/fridonia.de\/wp-content\/uploads\/2025\/06\/Pantheon-150x150.jpg 150w, http:\/\/fridonia.de\/wp-content\/uploads\/2025\/06\/Pantheon-230x230.jpg 230w, http:\/\/fridonia.de\/wp-content\/uploads\/2025\/06\/Pantheon-350x350.jpg 350w\" sizes=\"auto, (max-width: 445px) 100vw, 445px\" \/><\/figure><\/div>\n\n\n\n<hr class=\"wp-block-separator has-alpha-channel-opacity\"\/>\n\n\n\n<h2 class=\"wp-block-heading\">die Wirtschaft<\/h2>\n\n\n\n<div class=\"wp-block-media-text is-stacked-on-mobile\" style=\"grid-template-columns:30% auto\"><figure class=\"wp-block-media-text__media\"><img loading=\"lazy\" decoding=\"async\" width=\"1024\" height=\"1024\" src=\"http:\/\/fridonia.de\/wp-content\/uploads\/2025\/06\/Markt.jpg\" alt=\"\" class=\"wp-image-15 size-full\" srcset=\"http:\/\/fridonia.de\/wp-content\/uploads\/2025\/06\/Markt.jpg 1024w, http:\/\/fridonia.de\/wp-content\/uploads\/2025\/06\/Markt-300x300.jpg 300w, http:\/\/fridonia.de\/wp-content\/uploads\/2025\/06\/Markt-150x150.jpg 150w, http:\/\/fridonia.de\/wp-content\/uploads\/2025\/06\/Markt-768x768.jpg 768w, http:\/\/fridonia.de\/wp-content\/uploads\/2025\/06\/Markt-1000x1000.jpg 1000w, http:\/\/fridonia.de\/wp-content\/uploads\/2025\/06\/Markt-230x230.jpg 230w, http:\/\/fridonia.de\/wp-content\/uploads\/2025\/06\/Markt-350x350.jpg 350w, http:\/\/fridonia.de\/wp-content\/uploads\/2025\/06\/Markt-480x480.jpg 480w\" sizes=\"auto, (max-width: 1024px) 100vw, 1024px\" \/><\/figure><div class=\"wp-block-media-text__content\">\n<p>In den Ebenen werden verschiedene Getreide und andere Feldfr\u00fcchte angebaut, in kleinem Ma\u00dfe gibt es Weinanbau und Rinderzucht. In den Waldregionen arbeiten viele Holzf\u00e4ller und K\u00f6hler. In den Gebirgsz\u00fcgen sind in beachtlicher Zahl Erzbergwerke verteilt. An den R\u00e4ndern der Bergregionen gibt es viele Schafherden.<\/p>\n\n\n\n<div class=\"wp-block-buttons is-layout-flex wp-block-buttons-is-layout-flex\">\n<div class=\"wp-block-button\"><a class=\"wp-block-button__link has-small-font-size has-custom-font-size wp-element-button\" href=\"http:\/\/fridonia.de\/?page_id=6\">mehr erfahren &#8230;<\/a><\/div>\n<\/div>\n<\/div><\/div>\n\n\n\n<hr class=\"wp-block-separator has-alpha-channel-opacity\"\/>\n\n\n\n<h2 class=\"wp-block-heading\">die Geschichte<\/h2>\n\n\n\n<div class=\"wp-block-media-text has-media-on-the-right is-stacked-on-mobile\" style=\"grid-template-columns:auto 30%\"><div class=\"wp-block-media-text__content\">\n<p>Einst gab es ein eigenst\u00e4ndiges F\u00fcrstentum mit Namen S\u00fcd-D\u00fcsterthor. Nach dem Zerfall des Gro\u00dfen Reiches des S\u00fcdens geriet es in einen Krieg mit dem jungen K\u00f6nigreich Aturien, den sie verloren. Als Provinz Thorlande wurde das Land als Provinz Thorlande angegliedert. Doch der aufgezwungene Friede w\u00e4hrt nur scheinbar.<\/p>\n\n\n\n<div class=\"wp-block-buttons is-layout-flex wp-block-buttons-is-layout-flex\">\n<div class=\"wp-block-button\"><a class=\"wp-block-button__link has-small-font-size has-custom-font-size wp-element-button\" href=\"http:\/\/fridonia.de\/?page_id=6\">mehr erfahren &#8230;<\/a><\/div>\n<\/div>\n<\/div><figure class=\"wp-block-media-text__media\"><img loading=\"lazy\" decoding=\"async\" width=\"380\" height=\"380\" src=\"http:\/\/fridonia.de\/wp-content\/uploads\/2025\/06\/Kalender.jpg\" alt=\"\" class=\"wp-image-13 size-full\" srcset=\"http:\/\/fridonia.de\/wp-content\/uploads\/2025\/06\/Kalender.jpg 380w, http:\/\/fridonia.de\/wp-content\/uploads\/2025\/06\/Kalender-300x300.jpg 300w, http:\/\/fridonia.de\/wp-content\/uploads\/2025\/06\/Kalender-150x150.jpg 150w, http:\/\/fridonia.de\/wp-content\/uploads\/2025\/06\/Kalender-230x230.jpg 230w, http:\/\/fridonia.de\/wp-content\/uploads\/2025\/06\/Kalender-350x350.jpg 350w\" sizes=\"auto, (max-width: 380px) 100vw, 380px\" \/><\/figure><\/div>\n","protected":false},"excerpt":{"rendered":"<p>das Land Die n\u00f6rdlichste und j\u00fcngste aturianische Provinz. Ehemaliges Syd-Dysterthor, wurde nach dem Krieg als aturianische Provinz angegliedert. Zwischen Dysterwald im S\u00fcden [&hellip;]<\/p>\n","protected":false},"author":1,"featured_media":0,"parent":0,"menu_order":30,"comment_status":"closed","ping_status":"closed","template":"","meta":{"footnotes":""},"class_list":["post-87","page","type-page","status-publish","hentry"],"_links":{"self":[{"href":"http:\/\/fridonia.de\/index.php?rest_route=\/wp\/v2\/pages\/87","targetHints":{"allow":["GET"]}}],"collection":[{"href":"http:\/\/fridonia.de\/index.php?rest_route=\/wp\/v2\/pages"}],"about":[{"href":"http:\/\/fridonia.de\/index.php?rest_route=\/wp\/v2\/types\/page"}],"author":[{"embeddable":true,"href":"http:\/\/fridonia.de\/index.php?rest_route=\/wp\/v2\/users\/1"}],"replies":[{"embeddable":true,"href":"http:\/\/fridonia.de\/index.php?rest_route=%2Fwp%2Fv2%2Fcomments&post=87"}],"version-history":[{"count":5,"href":"http:\/\/fridonia.de\/index.php?rest_route=\/wp\/v2\/pages\/87\/revisions"}],"predecessor-version":[{"id":104,"href":"http:\/\/fridonia.de\/index.php?rest_route=\/wp\/v2\/pages\/87\/revisions\/104"}],"wp:attachment":[{"href":"http:\/\/fridonia.de\/index.php?rest_route=%2Fwp%2Fv2%2Fmedia&parent=87"}],"curies":[{"name":"wp","href":"https:\/\/api.w.org\/{rel}","templated":true}]}}