{"id":82,"date":"2025-06-20T18:45:44","date_gmt":"2025-06-20T16:45:44","guid":{"rendered":"http:\/\/fridonia.de\/?page_id=82"},"modified":"2025-06-21T13:06:53","modified_gmt":"2025-06-21T11:06:53","slug":"fridonia","status":"publish","type":"page","link":"http:\/\/fridonia.de\/?page_id=82","title":{"rendered":"Fridonia"},"content":{"rendered":"\n<figure class=\"wp-block-image alignfull size-large\"><img loading=\"lazy\" decoding=\"async\" width=\"1024\" height=\"205\" src=\"http:\/\/fridonia.de\/wp-content\/uploads\/2025\/06\/dasLand-1024x205.jpg\" alt=\"\" class=\"wp-image-9\" srcset=\"http:\/\/fridonia.de\/wp-content\/uploads\/2025\/06\/dasLand-1024x205.jpg 1024w, http:\/\/fridonia.de\/wp-content\/uploads\/2025\/06\/dasLand-300x60.jpg 300w, http:\/\/fridonia.de\/wp-content\/uploads\/2025\/06\/dasLand-768x154.jpg 768w, http:\/\/fridonia.de\/wp-content\/uploads\/2025\/06\/dasLand-1000x201.jpg 1000w, http:\/\/fridonia.de\/wp-content\/uploads\/2025\/06\/dasLand-230x46.jpg 230w, http:\/\/fridonia.de\/wp-content\/uploads\/2025\/06\/dasLand-350x70.jpg 350w, http:\/\/fridonia.de\/wp-content\/uploads\/2025\/06\/dasLand-480x96.jpg 480w, http:\/\/fridonia.de\/wp-content\/uploads\/2025\/06\/dasLand.jpg 1186w\" sizes=\"auto, (max-width: 1024px) 100vw, 1024px\" \/><\/figure>\n\n\n\n<h2 class=\"wp-block-heading\">das Land<\/h2>\n\n\n\n<p>Fridonia ist in erster Linie von Menschen bev\u00f6lkert. Durch die Lage des Elbenwaldes innerhalb der Grenzen der Provinz sind einige Elfen anzutreffen, dies in erster Linie im Grenzgebiet und nat\u00fcrlich in Vigone, das man beinahe als Exklave der Elben bezeichnen kann. Die Grenzen Falturilions sind seit langer Zeit so verschlossen, dass niemand den Elbenwald betreten kann, der von den Elben nicht eingeladen wurde. Auf merkw\u00fcrdige Weise lenken die Schritte einen Eindringling immer wieder an den Rand des Waldes. Es ist aber belegt, dass diese Grenze zu Zeiten schon einmal wesentlich durchl\u00e4ssiger war.<\/p>\n\n\n\n<p>Das Verh\u00e4ltnis zwischen Menschen und Elfen ist gepr\u00e4gt durch die vielen Male in der Geschichte der Provinz, die die Elfen den Menschen in schwierigen Situationen beigestanden haben. Durch die Abschottung der Elfen in letzter Zeit haben die Menschen angefangen, sie zu mystifizieren und glorifizieren. Die fridonische Landbev\u00f6lkerung verehrt die Elben beinahe wie Schutzheilige, auch wenn sie sie nicht unbedingt auf den ersten Blick als Elfen identifizieren k\u00f6nnten, da kaum ein Mensch in den letzten 50 Jahren einem Elfen begegnet ist. Aber es l\u00e4sst sich im Wesentlichen auf die Formel reduzieren: alles was elfisch ist, ist gut. Das schl\u00e4gt sich auch in einem der Sprichw\u00f6rtern der Landbev\u00f6lkerung wieder: \u201ewer einen Elfen (zum Freund) hat, braucht den Tod nicht zu f\u00fcrchten&#8220;.<\/p>\n\n\n\n<hr class=\"wp-block-separator has-alpha-channel-opacity\"\/>\n\n\n\n<h2 class=\"wp-block-heading\">die Bewohner<\/h2>\n\n\n\n<div class=\"wp-block-media-text is-stacked-on-mobile\" style=\"grid-template-columns:30% auto\"><figure class=\"wp-block-media-text__media\"><img loading=\"lazy\" decoding=\"async\" width=\"1024\" height=\"1024\" src=\"http:\/\/fridonia.de\/wp-content\/uploads\/2025\/06\/Familie.jpg\" alt=\"\" class=\"wp-image-10 size-full\" srcset=\"http:\/\/fridonia.de\/wp-content\/uploads\/2025\/06\/Familie.jpg 1024w, http:\/\/fridonia.de\/wp-content\/uploads\/2025\/06\/Familie-300x300.jpg 300w, http:\/\/fridonia.de\/wp-content\/uploads\/2025\/06\/Familie-150x150.jpg 150w, http:\/\/fridonia.de\/wp-content\/uploads\/2025\/06\/Familie-768x768.jpg 768w, http:\/\/fridonia.de\/wp-content\/uploads\/2025\/06\/Familie-1000x1000.jpg 1000w, http:\/\/fridonia.de\/wp-content\/uploads\/2025\/06\/Familie-230x230.jpg 230w, http:\/\/fridonia.de\/wp-content\/uploads\/2025\/06\/Familie-350x350.jpg 350w, http:\/\/fridonia.de\/wp-content\/uploads\/2025\/06\/Familie-480x480.jpg 480w\" sizes=\"auto, (max-width: 1024px) 100vw, 1024px\" \/><\/figure><div class=\"wp-block-media-text__content\">\n<p>Im patriarchalisch gepr\u00e4gten Fridonia stellt die Familie das h\u00f6chste Gut dar, \u00fcber das eifers\u00fcchtig gewacht wird. Eine verletzte Familienehre wird auf jeden Fall ger\u00e4cht. Blutfehden zwischen Familien sind keine Seltenheit, und nicht nur in Adelskreisen ist es schon vorgekommen, dass ganze Zweige ausgel\u00f6scht wurden, wenn eine Seite zu pl\u00f6tzlicher Macht kam.<\/p>\n\n\n\n<div class=\"wp-block-buttons is-layout-flex wp-block-buttons-is-layout-flex\">\n<div class=\"wp-block-button\"><a class=\"wp-block-button__link has-small-font-size has-custom-font-size wp-element-button\" href=\"http:\/\/fridonia.de\/?page_id=6\">mehr erfahren &#8230;<\/a><\/div>\n<\/div>\n<\/div><\/div>\n\n\n\n<hr class=\"wp-block-separator has-alpha-channel-opacity\"\/>\n\n\n\n<h2 class=\"wp-block-heading\">der Glaube<\/h2>\n\n\n\n<div class=\"wp-block-media-text has-media-on-the-right is-stacked-on-mobile\" style=\"grid-template-columns:auto 30%\"><div class=\"wp-block-media-text__content\">\n<p>Im Norden der Provinz, entlang des Poraggio, ist der Drachenglauben in seiner reinen monotheistischen Tradition ausgepr\u00e4gt. Im S\u00fcden der Provinz&nbsp; konnte sich der Yornta-Glaube als monotheistische Religion nicht durchsetzen, der alte Pantheon-Glaube ist hier noch sehr viel st\u00e4rker verbreitet, als irgendwo sonst in Aturien.<\/p>\n\n\n\n<div class=\"wp-block-buttons is-layout-flex wp-block-buttons-is-layout-flex\">\n<div class=\"wp-block-button\"><a class=\"wp-block-button__link has-small-font-size has-custom-font-size wp-element-button\" href=\"http:\/\/fridonia.de\/?page_id=6\">mehr erfahren &#8230;<\/a><\/div>\n<\/div>\n<\/div><figure class=\"wp-block-media-text__media\"><img loading=\"lazy\" decoding=\"async\" width=\"750\" height=\"750\" src=\"http:\/\/fridonia.de\/wp-content\/uploads\/2025\/06\/Yornta.jpg\" alt=\"\" class=\"wp-image-24 size-full\" srcset=\"http:\/\/fridonia.de\/wp-content\/uploads\/2025\/06\/Yornta.jpg 750w, http:\/\/fridonia.de\/wp-content\/uploads\/2025\/06\/Yornta-300x300.jpg 300w, http:\/\/fridonia.de\/wp-content\/uploads\/2025\/06\/Yornta-150x150.jpg 150w, http:\/\/fridonia.de\/wp-content\/uploads\/2025\/06\/Yornta-230x230.jpg 230w, http:\/\/fridonia.de\/wp-content\/uploads\/2025\/06\/Yornta-350x350.jpg 350w, http:\/\/fridonia.de\/wp-content\/uploads\/2025\/06\/Yornta-480x480.jpg 480w\" sizes=\"auto, (max-width: 750px) 100vw, 750px\" \/><\/figure><\/div>\n\n\n\n<hr class=\"wp-block-separator has-alpha-channel-opacity\"\/>\n\n\n\n<h2 class=\"wp-block-heading\">die Wirtschaft<\/h2>\n\n\n\n<div class=\"wp-block-media-text is-stacked-on-mobile\" style=\"grid-template-columns:30% auto\"><figure class=\"wp-block-media-text__media\"><img loading=\"lazy\" decoding=\"async\" width=\"1024\" height=\"1024\" src=\"http:\/\/fridonia.de\/wp-content\/uploads\/2025\/06\/Markt.jpg\" alt=\"\" class=\"wp-image-15 size-full\" srcset=\"http:\/\/fridonia.de\/wp-content\/uploads\/2025\/06\/Markt.jpg 1024w, http:\/\/fridonia.de\/wp-content\/uploads\/2025\/06\/Markt-300x300.jpg 300w, http:\/\/fridonia.de\/wp-content\/uploads\/2025\/06\/Markt-150x150.jpg 150w, http:\/\/fridonia.de\/wp-content\/uploads\/2025\/06\/Markt-768x768.jpg 768w, http:\/\/fridonia.de\/wp-content\/uploads\/2025\/06\/Markt-1000x1000.jpg 1000w, http:\/\/fridonia.de\/wp-content\/uploads\/2025\/06\/Markt-230x230.jpg 230w, http:\/\/fridonia.de\/wp-content\/uploads\/2025\/06\/Markt-350x350.jpg 350w, http:\/\/fridonia.de\/wp-content\/uploads\/2025\/06\/Markt-480x480.jpg 480w\" sizes=\"auto, (max-width: 1024px) 100vw, 1024px\" \/><\/figure><div class=\"wp-block-media-text__content\">\n<p>Die s\u00fcdlichste Provinz Aturiens ist im Westen und in der Mitte stark landwirtschaftlich gepr\u00e4gt. Oliven,&nbsp; Mandeln und Obst (Zitrusfr\u00fcchte) und deren weiter verarbeitete Produkte sowie nat\u00fcrlich die R\u00f6sser aus den gro\u00dfen Fridonischen Zuchten bilden die Hauptg\u00fcter, die auch exportiert werden. Je weiter nach Osten Richtung K\u00fcste man kommt, desto mehr bestimmt das Meer Mensch und Handel.<\/p>\n\n\n\n<div class=\"wp-block-buttons is-layout-flex wp-block-buttons-is-layout-flex\">\n<div class=\"wp-block-button\"><a class=\"wp-block-button__link has-small-font-size has-custom-font-size wp-element-button\" href=\"http:\/\/fridonia.de\/?page_id=6\">mehr erfahren &#8230;<\/a><\/div>\n<\/div>\n<\/div><\/div>\n\n\n\n<hr class=\"wp-block-separator has-alpha-channel-opacity\"\/>\n\n\n\n<h2 class=\"wp-block-heading\">die Geschichte<\/h2>\n\n\n\n<div class=\"wp-block-media-text has-media-on-the-right is-stacked-on-mobile\" style=\"grid-template-columns:auto 30%\"><div class=\"wp-block-media-text__content\">\n<p>Die letzten 550 Jahre der Provinz waren gepr\u00e4gt von Aufst\u00e4nden, Rebellionen und Naturkatastrophen. Aber auch Handel und Hochzeiten spielten eine beachtliche Rolle.<\/p>\n\n\n\n<div class=\"wp-block-buttons is-layout-flex wp-block-buttons-is-layout-flex\">\n<div class=\"wp-block-button\"><a class=\"wp-block-button__link has-small-font-size has-custom-font-size wp-element-button\" href=\"http:\/\/fridonia.de\/?page_id=84\">mehr erfahren &#8230;<\/a><\/div>\n<\/div>\n<\/div><figure class=\"wp-block-media-text__media\"><img loading=\"lazy\" decoding=\"async\" width=\"380\" height=\"380\" src=\"http:\/\/fridonia.de\/wp-content\/uploads\/2025\/06\/Kalender.jpg\" alt=\"\" class=\"wp-image-13 size-full\" srcset=\"http:\/\/fridonia.de\/wp-content\/uploads\/2025\/06\/Kalender.jpg 380w, http:\/\/fridonia.de\/wp-content\/uploads\/2025\/06\/Kalender-300x300.jpg 300w, http:\/\/fridonia.de\/wp-content\/uploads\/2025\/06\/Kalender-150x150.jpg 150w, http:\/\/fridonia.de\/wp-content\/uploads\/2025\/06\/Kalender-230x230.jpg 230w, http:\/\/fridonia.de\/wp-content\/uploads\/2025\/06\/Kalender-350x350.jpg 350w\" sizes=\"auto, (max-width: 380px) 100vw, 380px\" \/><\/figure><\/div>\n","protected":false},"excerpt":{"rendered":"<p>das Land Fridonia ist in erster Linie von Menschen bev\u00f6lkert. Durch die Lage des Elbenwaldes innerhalb der Grenzen der Provinz sind einige [&hellip;]<\/p>\n","protected":false},"author":1,"featured_media":0,"parent":0,"menu_order":20,"comment_status":"closed","ping_status":"closed","template":"","meta":{"footnotes":""},"class_list":["post-82","page","type-page","status-publish","hentry"],"_links":{"self":[{"href":"http:\/\/fridonia.de\/index.php?rest_route=\/wp\/v2\/pages\/82","targetHints":{"allow":["GET"]}}],"collection":[{"href":"http:\/\/fridonia.de\/index.php?rest_route=\/wp\/v2\/pages"}],"about":[{"href":"http:\/\/fridonia.de\/index.php?rest_route=\/wp\/v2\/types\/page"}],"author":[{"embeddable":true,"href":"http:\/\/fridonia.de\/index.php?rest_route=\/wp\/v2\/users\/1"}],"replies":[{"embeddable":true,"href":"http:\/\/fridonia.de\/index.php?rest_route=%2Fwp%2Fv2%2Fcomments&post=82"}],"version-history":[{"count":2,"href":"http:\/\/fridonia.de\/index.php?rest_route=\/wp\/v2\/pages\/82\/revisions"}],"predecessor-version":[{"id":103,"href":"http:\/\/fridonia.de\/index.php?rest_route=\/wp\/v2\/pages\/82\/revisions\/103"}],"wp:attachment":[{"href":"http:\/\/fridonia.de\/index.php?rest_route=%2Fwp%2Fv2%2Fmedia&parent=82"}],"curies":[{"name":"wp","href":"https:\/\/api.w.org\/{rel}","templated":true}]}}